{"id":58839,"date":"2024-03-03T09:28:43","date_gmt":"2024-03-03T09:28:43","guid":{"rendered":"https:\/\/villamargitta.com\/accommodation\/"},"modified":"2025-10-31T09:08:22","modified_gmt":"2025-10-31T09:08:22","slug":"unterkunft","status":"publish","type":"page","link":"https:\/\/villamargitta.com\/de\/unterkunft\/","title":{"rendered":"Unterkunft"},"content":{"rendered":"<div class=\"wpb-content-wrapper\"><p>[vc_row full_width=&#8220;stretch_row_content_no_spaces&#8220; equal_height=&#8220;yes&#8220; css=&#8220;.vc_custom_1709507503726{padding-top: 100px !important;background-color: #f7f7f7 !important;}&#8220; el_id=&#8220;accommodation&#8220;][vc_column css=&#8220;.vc_custom_1572787244593{padding-top: 80px !important;padding-right: 8% !important;padding-bottom: 60px !important;padding-left: 8% !important;}&#8220; offset=&#8220;vc_col-lg-6 vc_col-md-6&#8243;]<div id=\"ultimate-heading-318269e1a6eae6610\" class=\"uvc-heading ult-adjust-bottom-margin ultimate-heading-318269e1a6eae6610 uvc-5177 accent-border-color accent-title-color\" data-hspacer=\"line_only\"  data-halign=\"center\" style=\"text-align:center\"><div class=\"uvc-main-heading ult-responsive\"  data-ultimate-target='.uvc-heading.ultimate-heading-318269e1a6eae6610 h2'  data-responsive-json-new='{\"font-size\":\"desktop:20px;\",\"line-height\":\"desktop:24px;\"}' ><h2 style=\"font-weight:bold;margin-bottom:5px;\">Unterkunft<\/h2><\/div><div class=\"uvc-heading-spacer line_only\" style=\"margin-bottom:30px;height:2px;\"><span class=\"uvc-headings-line\" style=\"border-style:solid;border-bottom-width:2px;border-color:;width:70px;\"><\/span><\/div><\/div><div id=\"ultimate-heading-367369e1a6eae668f\" class=\"uvc-heading ult-adjust-bottom-margin ultimate-heading-367369e1a6eae668f uvc-6805 \" data-hspacer=\"no_spacer\"  data-halign=\"center\" style=\"text-align:center\"><div class=\"uvc-heading-spacer no_spacer\" style=\"top\"><\/div><div class=\"uvc-main-heading ult-responsive\"  data-ultimate-target='.uvc-heading.ultimate-heading-367369e1a6eae668f h2'  data-responsive-json-new='{\"font-size\":\"desktop:30px;mobile_landscape:26px;\",\"line-height\":\"desktop:38px;mobile_landscape:36px;\"}' ><h2 style=\"font-weight:bold;margin-bottom:20px;\">Makarska Riviera Villa 5* - KOMMT BALD<\/h2><\/div><\/div>[vc_column_text]Eingebettet in eine ruhige Umgebung bietet diese exquisite Villa eine perfekte Mischung aus Komfort und Eleganz. Mit einem ger\u00e4umigen Innenraum von 160 m\u00b2 verf\u00fcgt die Villa \u00fcber eine durchdachte Aufteilung, die zwei Schlafzimmer, zwei Badezimmer (eines mit Badewanne UND Dusche und das andere mit Dusche) und eine G\u00e4stetoilette umfasst. Die separate K\u00fcche, das Esszimmer und das Wohnzimmer bieten ausreichend Platz f\u00fcr Entspannung und Unterhaltung.<\/p>\n<p>Die Villa verf\u00fcgt \u00fcber drei bezaubernde Terrassen, von denen jede einen einzigartigen Zweck erf\u00fcllt. Die K\u00fcchenterrasse ist mit einem Essbereich und einem Grill ausgestattet und eignet sich perfekt f\u00fcr Mahlzeiten im Freien. Die mit Loungem\u00f6beln und Liegest\u00fchlen geschm\u00fcckte Wohnzimmerterrasse bietet einen gem\u00fctlichen R\u00fcckzugsort. Die Poolterrasse mit Tisch und zus\u00e4tzlichen Liegest\u00fchlen l\u00e4dt Sie ein, sich in der Sonne zu baden und den erfrischenden 38 m\u00b2 gro\u00dfen Pool zu genie\u00dfen.<\/p>\n<p>Mit einer \u00fcberdachten Terrasse von 30 m\u00b2, einem \u00fcberdachten Poolbereich von 17 m\u00b2 und weiteren 60 m\u00b2 nicht \u00fcberdachter Terrassenfl\u00e4che bietet die Villa vielf\u00e4ltige M\u00f6glichkeiten im Freien. Der private Garten, der sich \u00fcber 130 m\u00b2 erstreckt, verleiht diesem idyllischen R\u00fcckzugsort einen Hauch von Natur.<\/p>\n<p>Die Villa ist ideal f\u00fcr eine Gruppe von 4+1 G\u00e4sten und sorgt mit einem zus\u00e4tzlichen Bett auf der Couch im kleineren Wohnzimmer f\u00fcr einen komfortablen Aufenthalt. Egal, ob Sie Entspannung am Pool suchen, im Freien mit Aussicht speisen oder einfach die Ruhe des privaten Gartens genie\u00dfen m\u00f6chten, diese Villa ist eine Oase voller Luxus und Charme.<\/p>\n<ul>\n<li>maximal 5 Personen<\/li>\n<li>Parkplatz f\u00fcr 2 Autos<\/li>\n<li>beheizter Pool (beheizt Vor- und Nachsaison)<\/li>\n<li>Tennisplatz je nach Verf\u00fcgbarkeit<\/li>\n<li>Gasgrill<\/li>\n<\/ul>\n<p>[\/vc_column_text]<style type=\"text\/css\" data-type=\"the7_shortcodes-inline-css\">#default-btn-686d6461bb4776084771686c672f9c56.ico-right-side > i {\n  margin-right: 0px;\n  margin-left: 8px;\n}\n#default-btn-686d6461bb4776084771686c672f9c56 > i {\n  margin-right: 8px;\n}<\/style><div class=\"btn-align-center\"><a href=\"\/de\/unterkunft\/makarska-riviera-villa\/\" class=\"default-btn-shortcode dt-btn dt-btn-m link-hover-off anchor-link  vc_custom_1709507023879\" id=\"default-btn-686d6461bb4776084771686c672f9c56\" title=\"Makarska Riviera Villa 5*\"><span>Mehr<\/span><\/a><\/div>[\/vc_column][vc_column css=&#8220;.vc_custom_1709413806922{padding-top: 150px !important;padding-bottom: 150px !important;background-image: url(https:\/\/villamargitta.com\/wp-content\/uploads\/2024\/03\/premium-villa-margitta23.jpg?id=58072) !important;background-position: center !important;background-repeat: no-repeat !important;background-size: cover !important;}&#8220; offset=&#8220;vc_col-lg-6 vc_col-md-6&#8243;][\/vc_column][\/vc_row][vc_row full_width=&#8220;stretch_row_content_no_spaces&#8220; equal_height=&#8220;yes&#8220; css=&#8220;.vc_custom_1709410606241{background-color: #f7f7f7 !important;}&#8220;][vc_column css=&#8220;.vc_custom_1709414578103{padding-top: 150px !important;padding-bottom: 150px !important;background-image: url(https:\/\/villamargitta.com\/wp-content\/uploads\/2024\/03\/grand-view-apartments-e11.jpg?id=57979) !important;background-position: center !important;background-repeat: no-repeat !important;background-size: cover !important;}&#8220; offset=&#8220;vc_col-lg-6 vc_col-md-6&#8243;][\/vc_column][vc_column css=&#8220;.vc_custom_1709414211858{padding-top: 80px !important;padding-right: 8% !important;padding-bottom: 60px !important;padding-left: 8% !important;background-position: center !important;background-repeat: no-repeat !important;background-size: cover !important;}&#8220; offset=&#8220;vc_col-lg-6 vc_col-md-6&#8243;]<div id=\"ultimate-heading-421469e1a6eae682a\" class=\"uvc-heading ult-adjust-bottom-margin ultimate-heading-421469e1a6eae682a uvc-5942 accent-border-color accent-title-color\" data-hspacer=\"line_only\"  data-halign=\"center\" style=\"text-align:center\"><div class=\"uvc-main-heading ult-responsive\"  data-ultimate-target='.uvc-heading.ultimate-heading-421469e1a6eae682a h2'  data-responsive-json-new='{\"font-size\":\"desktop:20px;\",\"line-height\":\"desktop:24px;\"}' ><h2 style=\"font-weight:bold;margin-bottom:5px;\">Unterkunft<\/h2><\/div><div class=\"uvc-heading-spacer line_only\" style=\"margin-bottom:30px;height:2px;\"><span class=\"uvc-headings-line\" style=\"border-style:solid;border-bottom-width:2px;border-color:;width:70px;\"><\/span><\/div><\/div><div id=\"ultimate-heading-405969e1a6eae6891\" class=\"uvc-heading ult-adjust-bottom-margin ultimate-heading-405969e1a6eae6891 uvc-6704 \" data-hspacer=\"no_spacer\"  data-halign=\"center\" style=\"text-align:center\"><div class=\"uvc-heading-spacer no_spacer\" style=\"top\"><\/div><div class=\"uvc-main-heading ult-responsive\"  data-ultimate-target='.uvc-heading.ultimate-heading-405969e1a6eae6891 h2'  data-responsive-json-new='{\"font-size\":\"desktop:30px;mobile_landscape:26px;\",\"line-height\":\"desktop:38px;mobile_landscape:36px;\"}' ><h2 style=\"font-weight:bold;margin-bottom:20px;\">Grand view apartments<\/h2><\/div><\/div>[vc_column_text]Eingebettet in eine ruhige Umgebung bietet diese exquisite Villa eine perfekte Mischung aus Komfort und Eleganz.<\/p>\n<p>Die K\u00fcchenterrasse ist mit einem Essbereich und einem Grill ausgestattet und eignet sich perfekt f\u00fcr Mahlzeiten im Freien. Die mit Loungem\u00f6beln und Liegest\u00fchlen geschm\u00fcckte Wohnzimmerterrasse bietet einen gem\u00fctlichen R\u00fcckzugsort. Die Poolterrasse mit Tisch und zus\u00e4tzlichen Liegest\u00fchlen l\u00e4dt Sie ein, sich in der Sonne zu baden und den erfrischenden 38 m\u00b2 gro\u00dfen Pool zu genie\u00dfen.<\/p>\n<p>Unser Apartment ist auf vier Personen zugeschnitten und bietet eine perfekte Mischung aus Platz und Stil. Im Preis sind Apartmentmiete, Bettw\u00e4sche, Handt\u00fccher (w\u00f6chentlich erneuert), Kochnische, Strom, Wasserverbrauch, Kurtaxe, Satellitenfernsehen und Endreinigung enthalten. G\u00f6nnen Sie sich nach Vereinbarung kostenlosen Zugang zu unserem Tennisplatz, unserem Grillplatz und unseren Parkpl\u00e4tzen.<\/p>\n<p>Der Check-in ist am Anreisetag ab 14:00 Uhr m\u00f6glich, der Check-out am Abreisetag bis 10:00 Uhr. Geniessen Sie unsere sch\u00f6n gestalteten und gut ausgestatteten Apartments.[\/vc_column_text]<style type=\"text\/css\" data-type=\"the7_shortcodes-inline-css\">#default-btn-28684050815c32399b7f0cebd7ce2cab.ico-right-side > i {\n  margin-right: 0px;\n  margin-left: 8px;\n}\n#default-btn-28684050815c32399b7f0cebd7ce2cab > i {\n  margin-right: 8px;\n}<\/style><div class=\"btn-align-center\"><a href=\"\/de\/unterkunft\/apartments\/\" class=\"default-btn-shortcode dt-btn dt-btn-m link-hover-off anchor-link  vc_custom_1709507076376\" id=\"default-btn-28684050815c32399b7f0cebd7ce2cab\" title=\"Grand view apartments\"><span>Alle apartments ansehen<\/span><\/a><\/div>[\/vc_column][\/vc_row]<\/p>\n<\/div>","protected":false},"excerpt":{"rendered":"<p>[vc_row full_width=&#8220;stretch_row_content_no_spaces&#8220; equal_height=&#8220;yes&#8220; css=&#8220;.vc_custom_1709507503726{padding-top: 100px !important;background-color: #f7f7f7 !important;}&#8220; el_id=&#8220;accommodation&#8220;][vc_column css=&#8220;.vc_custom_1572787244593{padding-top: 80px !important;padding-right: 8% !important;padding-bottom: 60px !important;padding-left: 8% !important;}&#8220; offset=&#8220;vc_col-lg-6 vc_col-md-6&#8243;][vc_column_text]Eingebettet in eine ruhige Umgebung bietet diese exquisite Villa eine perfekte Mischung aus Komfort und Eleganz. Mit einem ger\u00e4umigen Innenraum von 160 m\u00b2 verf\u00fcgt die Villa \u00fcber eine durchdachte Aufteilung, die zwei Schlafzimmer, zwei Badezimmer (eines&hellip;<\/p>\n","protected":false},"author":1,"featured_media":57696,"parent":0,"menu_order":30,"comment_status":"closed","ping_status":"closed","template":"","meta":{"footnotes":""},"class_list":["post-58839","page","type-page","status-publish","has-post-thumbnail","hentry","description-off"],"yoast_head":"<!-- This site is optimized with the Yoast SEO plugin v27.2 - https:\/\/yoast.com\/product\/yoast-seo-wordpress\/ -->\n<title>Unterkunft - Villa Margitta Apartments Makarska Riviera Dra\u0161nice<\/title>\n<meta name=\"description\" content=\"Makarska Riviera Villa 5* und Grand view apartments\" \/>\n<meta name=\"robots\" content=\"index, follow, max-snippet:-1, max-image-preview:large, max-video-preview:-1\" \/>\n<link rel=\"canonical\" href=\"https:\/\/villamargitta.com\/de\/unterkunft\/\" \/>\n<meta property=\"og:locale\" content=\"de_DE\" \/>\n<meta property=\"og:type\" content=\"article\" \/>\n<meta property=\"og:title\" content=\"Unterkunft - Villa Margitta Apartments Makarska Riviera Dra\u0161nice\" \/>\n<meta property=\"og:description\" content=\"Makarska Riviera Villa 5* und Grand view apartments\" \/>\n<meta property=\"og:url\" content=\"https:\/\/villamargitta.com\/de\/unterkunft\/\" \/>\n<meta property=\"og:site_name\" content=\"Villa Margitta Apartments Makarska Riviera Dra\u0161nice\" \/>\n<meta property=\"article:modified_time\" content=\"2025-10-31T09:08:22+00:00\" \/>\n<meta property=\"og:image\" content=\"https:\/\/villamargitta.com\/wp-content\/uploads\/2024\/03\/villa-margitta2.jpg\" \/>\n\t<meta property=\"og:image:width\" content=\"1920\" \/>\n\t<meta property=\"og:image:height\" content=\"933\" \/>\n\t<meta property=\"og:image:type\" content=\"image\/jpeg\" \/>\n<meta name=\"twitter:card\" content=\"summary_large_image\" \/>\n<meta name=\"twitter:label1\" content=\"Gesch\u00e4tzte Lesezeit\" \/>\n\t<meta name=\"twitter:data1\" content=\"3\u00a0Minuten\" \/>\n<script type=\"application\/ld+json\" class=\"yoast-schema-graph\">{\"@context\":\"https:\/\/schema.org\",\"@graph\":[{\"@type\":\"WebPage\",\"@id\":\"https:\/\/villamargitta.com\/de\/unterkunft\/\",\"url\":\"https:\/\/villamargitta.com\/de\/unterkunft\/\",\"name\":\"Unterkunft - Villa Margitta Apartments Makarska Riviera Dra\u0161nice\",\"isPartOf\":{\"@id\":\"https:\/\/villamargitta.com\/#website\"},\"primaryImageOfPage\":{\"@id\":\"https:\/\/villamargitta.com\/de\/unterkunft\/#primaryimage\"},\"image\":{\"@id\":\"https:\/\/villamargitta.com\/de\/unterkunft\/#primaryimage\"},\"thumbnailUrl\":\"https:\/\/villamargitta.com\/wp-content\/uploads\/2024\/03\/villa-margitta2.jpg\",\"datePublished\":\"2024-03-03T09:28:43+00:00\",\"dateModified\":\"2025-10-31T09:08:22+00:00\",\"description\":\"Makarska Riviera Villa 5* und Grand view apartments\",\"breadcrumb\":{\"@id\":\"https:\/\/villamargitta.com\/de\/unterkunft\/#breadcrumb\"},\"inLanguage\":\"de\",\"potentialAction\":[{\"@type\":\"ReadAction\",\"target\":[\"https:\/\/villamargitta.com\/de\/unterkunft\/\"]}]},{\"@type\":\"ImageObject\",\"inLanguage\":\"de\",\"@id\":\"https:\/\/villamargitta.com\/de\/unterkunft\/#primaryimage\",\"url\":\"https:\/\/villamargitta.com\/wp-content\/uploads\/2024\/03\/villa-margitta2.jpg\",\"contentUrl\":\"https:\/\/villamargitta.com\/wp-content\/uploads\/2024\/03\/villa-margitta2.jpg\",\"width\":1920,\"height\":933,\"caption\":\"Villa Margitta\"},{\"@type\":\"BreadcrumbList\",\"@id\":\"https:\/\/villamargitta.com\/de\/unterkunft\/#breadcrumb\",\"itemListElement\":[{\"@type\":\"ListItem\",\"position\":1,\"name\":\"Home\",\"item\":\"https:\/\/villamargitta.com\/de\/\"},{\"@type\":\"ListItem\",\"position\":2,\"name\":\"Unterkunft\"}]},{\"@type\":\"WebSite\",\"@id\":\"https:\/\/villamargitta.com\/#website\",\"url\":\"https:\/\/villamargitta.com\/\",\"name\":\"Villa Margitta Apartments Makarska Riviera Dra\u0161nice\",\"description\":\"\",\"publisher\":{\"@id\":\"https:\/\/villamargitta.com\/#organization\"},\"potentialAction\":[{\"@type\":\"SearchAction\",\"target\":{\"@type\":\"EntryPoint\",\"urlTemplate\":\"https:\/\/villamargitta.com\/?s={search_term_string}\"},\"query-input\":{\"@type\":\"PropertyValueSpecification\",\"valueRequired\":true,\"valueName\":\"search_term_string\"}}],\"inLanguage\":\"de\"},{\"@type\":\"Organization\",\"@id\":\"https:\/\/villamargitta.com\/#organization\",\"name\":\"Villa Margitta Apartments Makarska Riviera Dra\u0161nice\",\"url\":\"https:\/\/villamargitta.com\/\",\"logo\":{\"@type\":\"ImageObject\",\"inLanguage\":\"de\",\"@id\":\"https:\/\/villamargitta.com\/#\/schema\/logo\/image\/\",\"url\":\"https:\/\/villamargitta.com\/wp-content\/uploads\/2024\/02\/logo-gradient.webp\",\"contentUrl\":\"https:\/\/villamargitta.com\/wp-content\/uploads\/2024\/02\/logo-gradient.webp\",\"width\":400,\"height\":96,\"caption\":\"Villa Margitta Apartments Makarska Riviera Dra\u0161nice\"},\"image\":{\"@id\":\"https:\/\/villamargitta.com\/#\/schema\/logo\/image\/\"}}]}<\/script>\n<!-- \/ Yoast SEO plugin. -->","yoast_head_json":{"title":"Unterkunft - Villa Margitta Apartments Makarska Riviera Dra\u0161nice","description":"Makarska Riviera Villa 5* und Grand view apartments","robots":{"index":"index","follow":"follow","max-snippet":"max-snippet:-1","max-image-preview":"max-image-preview:large","max-video-preview":"max-video-preview:-1"},"canonical":"https:\/\/villamargitta.com\/de\/unterkunft\/","og_locale":"de_DE","og_type":"article","og_title":"Unterkunft - Villa Margitta Apartments Makarska Riviera Dra\u0161nice","og_description":"Makarska Riviera Villa 5* und Grand view apartments","og_url":"https:\/\/villamargitta.com\/de\/unterkunft\/","og_site_name":"Villa Margitta Apartments Makarska Riviera Dra\u0161nice","article_modified_time":"2025-10-31T09:08:22+00:00","og_image":[{"width":1920,"height":933,"url":"https:\/\/villamargitta.com\/wp-content\/uploads\/2024\/03\/villa-margitta2.jpg","type":"image\/jpeg"}],"twitter_card":"summary_large_image","twitter_misc":{"Gesch\u00e4tzte Lesezeit":"3\u00a0Minuten"},"schema":{"@context":"https:\/\/schema.org","@graph":[{"@type":"WebPage","@id":"https:\/\/villamargitta.com\/de\/unterkunft\/","url":"https:\/\/villamargitta.com\/de\/unterkunft\/","name":"Unterkunft - Villa Margitta Apartments Makarska Riviera Dra\u0161nice","isPartOf":{"@id":"https:\/\/villamargitta.com\/#website"},"primaryImageOfPage":{"@id":"https:\/\/villamargitta.com\/de\/unterkunft\/#primaryimage"},"image":{"@id":"https:\/\/villamargitta.com\/de\/unterkunft\/#primaryimage"},"thumbnailUrl":"https:\/\/villamargitta.com\/wp-content\/uploads\/2024\/03\/villa-margitta2.jpg","datePublished":"2024-03-03T09:28:43+00:00","dateModified":"2025-10-31T09:08:22+00:00","description":"Makarska Riviera Villa 5* und Grand view apartments","breadcrumb":{"@id":"https:\/\/villamargitta.com\/de\/unterkunft\/#breadcrumb"},"inLanguage":"de","potentialAction":[{"@type":"ReadAction","target":["https:\/\/villamargitta.com\/de\/unterkunft\/"]}]},{"@type":"ImageObject","inLanguage":"de","@id":"https:\/\/villamargitta.com\/de\/unterkunft\/#primaryimage","url":"https:\/\/villamargitta.com\/wp-content\/uploads\/2024\/03\/villa-margitta2.jpg","contentUrl":"https:\/\/villamargitta.com\/wp-content\/uploads\/2024\/03\/villa-margitta2.jpg","width":1920,"height":933,"caption":"Villa Margitta"},{"@type":"BreadcrumbList","@id":"https:\/\/villamargitta.com\/de\/unterkunft\/#breadcrumb","itemListElement":[{"@type":"ListItem","position":1,"name":"Home","item":"https:\/\/villamargitta.com\/de\/"},{"@type":"ListItem","position":2,"name":"Unterkunft"}]},{"@type":"WebSite","@id":"https:\/\/villamargitta.com\/#website","url":"https:\/\/villamargitta.com\/","name":"Villa Margitta Apartments Makarska Riviera Dra\u0161nice","description":"","publisher":{"@id":"https:\/\/villamargitta.com\/#organization"},"potentialAction":[{"@type":"SearchAction","target":{"@type":"EntryPoint","urlTemplate":"https:\/\/villamargitta.com\/?s={search_term_string}"},"query-input":{"@type":"PropertyValueSpecification","valueRequired":true,"valueName":"search_term_string"}}],"inLanguage":"de"},{"@type":"Organization","@id":"https:\/\/villamargitta.com\/#organization","name":"Villa Margitta Apartments Makarska Riviera Dra\u0161nice","url":"https:\/\/villamargitta.com\/","logo":{"@type":"ImageObject","inLanguage":"de","@id":"https:\/\/villamargitta.com\/#\/schema\/logo\/image\/","url":"https:\/\/villamargitta.com\/wp-content\/uploads\/2024\/02\/logo-gradient.webp","contentUrl":"https:\/\/villamargitta.com\/wp-content\/uploads\/2024\/02\/logo-gradient.webp","width":400,"height":96,"caption":"Villa Margitta Apartments Makarska Riviera Dra\u0161nice"},"image":{"@id":"https:\/\/villamargitta.com\/#\/schema\/logo\/image\/"}}]}},"_links":{"self":[{"href":"https:\/\/villamargitta.com\/de\/wp-json\/wp\/v2\/pages\/58839","targetHints":{"allow":["GET"]}}],"collection":[{"href":"https:\/\/villamargitta.com\/de\/wp-json\/wp\/v2\/pages"}],"about":[{"href":"https:\/\/villamargitta.com\/de\/wp-json\/wp\/v2\/types\/page"}],"author":[{"embeddable":true,"href":"https:\/\/villamargitta.com\/de\/wp-json\/wp\/v2\/users\/1"}],"replies":[{"embeddable":true,"href":"https:\/\/villamargitta.com\/de\/wp-json\/wp\/v2\/comments?post=58839"}],"version-history":[{"count":8,"href":"https:\/\/villamargitta.com\/de\/wp-json\/wp\/v2\/pages\/58839\/revisions"}],"predecessor-version":[{"id":58851,"href":"https:\/\/villamargitta.com\/de\/wp-json\/wp\/v2\/pages\/58839\/revisions\/58851"}],"wp:featuredmedia":[{"embeddable":true,"href":"https:\/\/villamargitta.com\/de\/wp-json\/wp\/v2\/media\/57696"}],"wp:attachment":[{"href":"https:\/\/villamargitta.com\/de\/wp-json\/wp\/v2\/media?parent=58839"}],"curies":[{"name":"wp","href":"https:\/\/api.w.org\/{rel}","templated":true}]}}