{"id":58835,"date":"2024-03-03T09:28:43","date_gmt":"2024-03-03T09:28:43","guid":{"rendered":"https:\/\/villamargitta.com\/accommodation\/"},"modified":"2025-10-31T09:08:04","modified_gmt":"2025-10-31T09:08:04","slug":"smjestaj","status":"publish","type":"page","link":"https:\/\/villamargitta.com\/hr\/smjestaj\/","title":{"rendered":"Smje\u0161taj"},"content":{"rendered":"<div class=\"wpb-content-wrapper\"><p>[vc_row full_width=&#8221;stretch_row_content_no_spaces&#8221; equal_height=&#8221;yes&#8221; css=&#8221;.vc_custom_1709460033085{padding-top: 100px !important;background-color: #f7f7f7 !important;}&#8221; el_id=&#8221;smjestaj&#8221;][vc_column css=&#8221;.vc_custom_1572787244593{padding-top: 80px !important;padding-right: 8% !important;padding-bottom: 60px !important;padding-left: 8% !important;}&#8221; offset=&#8221;vc_col-lg-6 vc_col-md-6&#8243;]<div id=\"ultimate-heading-7769e843ebd4164\" class=\"uvc-heading ult-adjust-bottom-margin ultimate-heading-7769e843ebd4164 uvc-4022 accent-border-color accent-title-color\" data-hspacer=\"line_only\"  data-halign=\"center\" style=\"text-align:center\"><div class=\"uvc-main-heading ult-responsive\"  data-ultimate-target='.uvc-heading.ultimate-heading-7769e843ebd4164 h2'  data-responsive-json-new='{\"font-size\":\"desktop:20px;\",\"line-height\":\"desktop:24px;\"}' ><h2 style=\"font-weight:bold;margin-bottom:5px;\">Smje\u0161taj<\/h2><\/div><div class=\"uvc-heading-spacer line_only\" style=\"margin-bottom:30px;height:2px;\"><span class=\"uvc-headings-line\" style=\"border-style:solid;border-bottom-width:2px;border-color:;width:70px;\"><\/span><\/div><\/div><div id=\"ultimate-heading-357469e843ebd41ec\" class=\"uvc-heading ult-adjust-bottom-margin ultimate-heading-357469e843ebd41ec uvc-120 \" data-hspacer=\"no_spacer\"  data-halign=\"center\" style=\"text-align:center\"><div class=\"uvc-heading-spacer no_spacer\" style=\"top\"><\/div><div class=\"uvc-main-heading ult-responsive\"  data-ultimate-target='.uvc-heading.ultimate-heading-357469e843ebd41ec h2'  data-responsive-json-new='{\"font-size\":\"desktop:30px;mobile_landscape:26px;\",\"line-height\":\"desktop:38px;mobile_landscape:36px;\"}' ><h2 style=\"font-weight:bold;margin-bottom:20px;\">Makarska Riviera Villa 5* - USKORO<\/h2><\/div><\/div>[vc_column_text]Smje\u0161tena u mirnom okru\u017eenju, ova izvrsna vila nudi savr\u0161en spoj udobnosti i elegancije. S prostranim interijerom koji se prote\u017ee na 160m2, vila ima promi\u0161ljeno dizajniran raspored koji uklju\u010duje dvije spava\u0107e sobe, dvije kupaonice (jedna s kadom i tu\u0161em, druga s tu\u0161em) i WC za goste. Odvojena kuhinja, blagovaonica i dnevni boravak pru\u017eaju dovoljno prostora za opu\u0161tanje i zabavu.<\/p>\n<p>Vila se mo\u017ee pohvaliti s tri o\u010daravaju\u0107e terase, od kojih svaka slu\u017ei jedinstvenoj namjeni. Kuhinjska terasa, opremljena blagovaonom i ro\u0161tiljem, savr\u0161ena je za obroke na otvorenom. Terasa dnevnog boravka, ukra\u0161ena garniturom za sjedenje i le\u017ealjkama, nudi ugodno uto\u010di\u0161te. Bazenska terasa sa stolom i dodatnim le\u017ealjkama poziva vas da se sun\u010date i u\u017eivate u osvje\u017eavaju\u0107em bazenu povr\u0161ine 38m2.<\/p>\n<p>S natkrivenom terasom od 30 m2, natkrivenim bazenom od 17 m2 i dodatnih 60 m2 nenatkrivene terase, vila nudi niz vanjskih mogu\u0107nosti. Privatni vrt, koji se prostire na 130 m2, dodaje da\u0161ak prirode ovom idili\u010dnom uto\u010di\u0161tu.<\/p>\n<p>Idealna za grupu od 4+1 posjetitelja, vila osigurava ugodan boravak uz pomo\u0107ni le\u017eaj na kau\u010du u manjem dnevnom boravku. Bilo da tra\u017eite opu\u0161tanje uz bazen, objedovanje na otvorenom s pogledom ili jednostavno u\u017eivanje u ti\u0161ini privatnog vrta, ova vila je uto\u010di\u0161te luksuza i \u0161arma.<\/p>\n<ul>\n<li>maksimalno 5 osoba<\/li>\n<li>parking za 2 automobila<\/li>\n<li>grijani bazen (grijan u pred i post sezoni)<\/li>\n<li>teniski teren ovisno o raspolo\u017eivosti<\/li>\n<li>ro\u0161tilj na plin<\/li>\n<\/ul>\n<p>[\/vc_column_text]<style type=\"text\/css\" data-type=\"the7_shortcodes-inline-css\">#default-btn-f4a3716b43deb7a722cce90c66373efd.ico-right-side > i {\n  margin-right: 0px;\n  margin-left: 8px;\n}\n#default-btn-f4a3716b43deb7a722cce90c66373efd > i {\n  margin-right: 8px;\n}<\/style><div class=\"btn-align-center\"><a href=\"\/hr\/smjestaj\/makarska-riviera-villa\/\" class=\"default-btn-shortcode dt-btn dt-btn-m link-hover-off anchor-link  vc_custom_1709509271980\" id=\"default-btn-f4a3716b43deb7a722cce90c66373efd\" title=\"Makarska Riviera Villa 5*\"><span>Op\u0161irnije<\/span><\/a><\/div>[\/vc_column][vc_column css=&#8221;.vc_custom_1709413806922{padding-top: 150px !important;padding-bottom: 150px !important;background-image: url(https:\/\/villamargitta.com\/wp-content\/uploads\/2024\/03\/premium-villa-margitta23.jpg?id=58072) !important;background-position: center !important;background-repeat: no-repeat !important;background-size: cover !important;}&#8221; offset=&#8221;vc_col-lg-6 vc_col-md-6&#8243;][\/vc_column][\/vc_row][vc_row full_width=&#8221;stretch_row_content_no_spaces&#8221; equal_height=&#8221;yes&#8221; css=&#8221;.vc_custom_1709410606241{background-color: #f7f7f7 !important;}&#8221;][vc_column css=&#8221;.vc_custom_1709414578103{padding-top: 150px !important;padding-bottom: 150px !important;background-image: url(https:\/\/villamargitta.com\/wp-content\/uploads\/2024\/03\/grand-view-apartments-e11.jpg?id=57979) !important;background-position: center !important;background-repeat: no-repeat !important;background-size: cover !important;}&#8221; offset=&#8221;vc_col-lg-6 vc_col-md-6&#8243;][\/vc_column][vc_column css=&#8221;.vc_custom_1709414211858{padding-top: 80px !important;padding-right: 8% !important;padding-bottom: 60px !important;padding-left: 8% !important;background-position: center !important;background-repeat: no-repeat !important;background-size: cover !important;}&#8221; offset=&#8221;vc_col-lg-6 vc_col-md-6&#8243;]<div id=\"ultimate-heading-932269e843ebd4329\" class=\"uvc-heading ult-adjust-bottom-margin ultimate-heading-932269e843ebd4329 uvc-6116 accent-border-color accent-title-color\" data-hspacer=\"line_only\"  data-halign=\"center\" style=\"text-align:center\"><div class=\"uvc-main-heading ult-responsive\"  data-ultimate-target='.uvc-heading.ultimate-heading-932269e843ebd4329 h2'  data-responsive-json-new='{\"font-size\":\"desktop:20px;\",\"line-height\":\"desktop:24px;\"}' ><h2 style=\"font-weight:bold;margin-bottom:5px;\">Smje\u0161taj<\/h2><\/div><div class=\"uvc-heading-spacer line_only\" style=\"margin-bottom:30px;height:2px;\"><span class=\"uvc-headings-line\" style=\"border-style:solid;border-bottom-width:2px;border-color:;width:70px;\"><\/span><\/div><\/div><div id=\"ultimate-heading-570569e843ebd4386\" class=\"uvc-heading ult-adjust-bottom-margin ultimate-heading-570569e843ebd4386 uvc-72 \" data-hspacer=\"no_spacer\"  data-halign=\"center\" style=\"text-align:center\"><div class=\"uvc-heading-spacer no_spacer\" style=\"top\"><\/div><div class=\"uvc-main-heading ult-responsive\"  data-ultimate-target='.uvc-heading.ultimate-heading-570569e843ebd4386 h2'  data-responsive-json-new='{\"font-size\":\"desktop:30px;mobile_landscape:26px;\",\"line-height\":\"desktop:38px;mobile_landscape:36px;\"}' ><h2 style=\"font-weight:bold;margin-bottom:20px;\">Grand view apartmani<\/h2><\/div><\/div>[vc_column_text]Zakora\u010dite u luksuz s na\u0161im prostranim apartmanima dizajniranim za va\u0161u najve\u0107u udobnost.<\/p>\n<p>U\u017eivajte u obalnom povjetarcu s balkona koji pru\u017eaju savr\u0161eno mjesto za opu\u0161tanje i u\u017eivanje u prekrasnom pogledu na more, otoke Hvar i Bra\u010d, veli\u010danstvenu planinu Biokovo i na\u0161 \u0161armantni vrt.<\/p>\n<p>Na\u0161i apartmani nude savr\u0161en spoj prostora i stila. Cijena uklju\u010duje najam apartmana, posteljinu, ru\u010dnike (osvje\u017eavaju se jednom tjedno), \u010dajnu kuhinju, potro\u0161nju struje, vode, boravi\u0161nu pristojbu, SAT TV i zavr\u0161no \u010di\u0161\u0107enje. Prepustite se besplatnom pristupu na\u0161em teniskom terenu, prostoru za ro\u0161tilj i parkirnim mjestima, prema dogovoru.<\/p>\n<p>Prijava je mogu\u0107a od 14:00 sati na dan dolaska, a odjava do 10:00 sati na dan odlaska. Uronite u obalni raj uz na\u0161 promi\u0161ljeno dizajniran i dobro opremljen apartman.[\/vc_column_text]<style type=\"text\/css\" data-type=\"the7_shortcodes-inline-css\">#default-btn-f668bb5887ac7f59a63f2c0f1fb19e36.ico-right-side > i {\n  margin-right: 0px;\n  margin-left: 8px;\n}\n#default-btn-f668bb5887ac7f59a63f2c0f1fb19e36 > i {\n  margin-right: 8px;\n}<\/style><div class=\"btn-align-center\"><a href=\"\/hr\/smjestaj\/apartmani\/\" class=\"default-btn-shortcode dt-btn dt-btn-m link-hover-off anchor-link  vc_custom_1709509307495\" id=\"default-btn-f668bb5887ac7f59a63f2c0f1fb19e36\" title=\"Grand view apartmani\"><span>Vidi sve apartmane<\/span><\/a><\/div>[\/vc_column][\/vc_row]<\/p>\n<\/div>","protected":false},"excerpt":{"rendered":"<p>[vc_row full_width=&#8221;stretch_row_content_no_spaces&#8221; equal_height=&#8221;yes&#8221; css=&#8221;.vc_custom_1709460033085{padding-top: 100px !important;background-color: #f7f7f7 !important;}&#8221; el_id=&#8221;smjestaj&#8221;][vc_column css=&#8221;.vc_custom_1572787244593{padding-top: 80px !important;padding-right: 8% !important;padding-bottom: 60px !important;padding-left: 8% !important;}&#8221; offset=&#8221;vc_col-lg-6 vc_col-md-6&#8243;][vc_column_text]Smje\u0161tena u mirnom okru\u017eenju, ova izvrsna vila nudi savr\u0161en spoj udobnosti i elegancije. S prostranim interijerom koji se prote\u017ee na 160m2, vila ima promi\u0161ljeno dizajniran raspored koji uklju\u010duje dvije spava\u0107e sobe, dvije kupaonice (jedna s kadom&hellip;<\/p>\n","protected":false},"author":1,"featured_media":57695,"parent":0,"menu_order":30,"comment_status":"closed","ping_status":"closed","template":"","meta":{"footnotes":""},"class_list":["post-58835","page","type-page","status-publish","has-post-thumbnail","hentry","description-off"],"yoast_head":"<!-- This site is optimized with the Yoast SEO plugin v27.2 - https:\/\/yoast.com\/product\/yoast-seo-wordpress\/ -->\n<title>Smje\u0161taj - Villa Margitta Apartments Makarska Riviera Dra\u0161nice<\/title>\n<meta name=\"description\" content=\"Makarska Riviera Villa 5* i Grand view apartments\" \/>\n<meta name=\"robots\" content=\"index, follow, max-snippet:-1, max-image-preview:large, max-video-preview:-1\" \/>\n<link rel=\"canonical\" href=\"https:\/\/villamargitta.com\/hr\/smjestaj\/\" \/>\n<meta property=\"og:locale\" content=\"hr_HR\" \/>\n<meta property=\"og:type\" content=\"article\" \/>\n<meta property=\"og:title\" content=\"Smje\u0161taj - Villa Margitta Apartments Makarska Riviera Dra\u0161nice\" \/>\n<meta property=\"og:description\" content=\"Makarska Riviera Villa 5* i Grand view apartments\" \/>\n<meta property=\"og:url\" content=\"https:\/\/villamargitta.com\/hr\/smjestaj\/\" \/>\n<meta property=\"og:site_name\" content=\"Villa Margitta Apartments Makarska Riviera Dra\u0161nice\" \/>\n<meta property=\"article:modified_time\" content=\"2025-10-31T09:08:04+00:00\" \/>\n<meta property=\"og:image\" content=\"https:\/\/villamargitta.com\/wp-content\/uploads\/2024\/03\/villa-margitta2.jpg\" \/>\n\t<meta property=\"og:image:width\" content=\"1920\" \/>\n\t<meta property=\"og:image:height\" content=\"933\" \/>\n\t<meta property=\"og:image:type\" content=\"image\/jpeg\" \/>\n<meta name=\"twitter:card\" content=\"summary_large_image\" \/>\n<meta name=\"twitter:label1\" content=\"Procijenjeno vrijeme \u010ditanja\" \/>\n\t<meta name=\"twitter:data1\" content=\"3 minute\" \/>\n<script type=\"application\/ld+json\" class=\"yoast-schema-graph\">{\"@context\":\"https:\/\/schema.org\",\"@graph\":[{\"@type\":\"WebPage\",\"@id\":\"https:\/\/villamargitta.com\/hr\/smjestaj\/\",\"url\":\"https:\/\/villamargitta.com\/hr\/smjestaj\/\",\"name\":\"Smje\u0161taj - Villa Margitta Apartments Makarska Riviera Dra\u0161nice\",\"isPartOf\":{\"@id\":\"https:\/\/villamargitta.com\/#website\"},\"primaryImageOfPage\":{\"@id\":\"https:\/\/villamargitta.com\/hr\/smjestaj\/#primaryimage\"},\"image\":{\"@id\":\"https:\/\/villamargitta.com\/hr\/smjestaj\/#primaryimage\"},\"thumbnailUrl\":\"https:\/\/villamargitta.com\/wp-content\/uploads\/2024\/03\/villa-margitta2.jpg\",\"datePublished\":\"2024-03-03T09:28:43+00:00\",\"dateModified\":\"2025-10-31T09:08:04+00:00\",\"description\":\"Makarska Riviera Villa 5* i Grand view apartments\",\"breadcrumb\":{\"@id\":\"https:\/\/villamargitta.com\/hr\/smjestaj\/#breadcrumb\"},\"inLanguage\":\"hr\",\"potentialAction\":[{\"@type\":\"ReadAction\",\"target\":[\"https:\/\/villamargitta.com\/hr\/smjestaj\/\"]}]},{\"@type\":\"ImageObject\",\"inLanguage\":\"hr\",\"@id\":\"https:\/\/villamargitta.com\/hr\/smjestaj\/#primaryimage\",\"url\":\"https:\/\/villamargitta.com\/wp-content\/uploads\/2024\/03\/villa-margitta2.jpg\",\"contentUrl\":\"https:\/\/villamargitta.com\/wp-content\/uploads\/2024\/03\/villa-margitta2.jpg\",\"width\":1920,\"height\":933,\"caption\":\"Villa Margitta\"},{\"@type\":\"BreadcrumbList\",\"@id\":\"https:\/\/villamargitta.com\/hr\/smjestaj\/#breadcrumb\",\"itemListElement\":[{\"@type\":\"ListItem\",\"position\":1,\"name\":\"Home\",\"item\":\"https:\/\/villamargitta.com\/hr\/\"},{\"@type\":\"ListItem\",\"position\":2,\"name\":\"Smje\u0161taj\"}]},{\"@type\":\"WebSite\",\"@id\":\"https:\/\/villamargitta.com\/#website\",\"url\":\"https:\/\/villamargitta.com\/\",\"name\":\"Villa Margitta Apartments Makarska Riviera Dra\u0161nice\",\"description\":\"\",\"publisher\":{\"@id\":\"https:\/\/villamargitta.com\/#organization\"},\"potentialAction\":[{\"@type\":\"SearchAction\",\"target\":{\"@type\":\"EntryPoint\",\"urlTemplate\":\"https:\/\/villamargitta.com\/?s={search_term_string}\"},\"query-input\":{\"@type\":\"PropertyValueSpecification\",\"valueRequired\":true,\"valueName\":\"search_term_string\"}}],\"inLanguage\":\"hr\"},{\"@type\":\"Organization\",\"@id\":\"https:\/\/villamargitta.com\/#organization\",\"name\":\"Villa Margitta Apartments Makarska Riviera Dra\u0161nice\",\"url\":\"https:\/\/villamargitta.com\/\",\"logo\":{\"@type\":\"ImageObject\",\"inLanguage\":\"hr\",\"@id\":\"https:\/\/villamargitta.com\/#\/schema\/logo\/image\/\",\"url\":\"https:\/\/villamargitta.com\/wp-content\/uploads\/2024\/02\/logo-gradient.webp\",\"contentUrl\":\"https:\/\/villamargitta.com\/wp-content\/uploads\/2024\/02\/logo-gradient.webp\",\"width\":400,\"height\":96,\"caption\":\"Villa Margitta Apartments Makarska Riviera Dra\u0161nice\"},\"image\":{\"@id\":\"https:\/\/villamargitta.com\/#\/schema\/logo\/image\/\"}}]}<\/script>\n<!-- \/ Yoast SEO plugin. -->","yoast_head_json":{"title":"Smje\u0161taj - Villa Margitta Apartments Makarska Riviera Dra\u0161nice","description":"Makarska Riviera Villa 5* i Grand view apartments","robots":{"index":"index","follow":"follow","max-snippet":"max-snippet:-1","max-image-preview":"max-image-preview:large","max-video-preview":"max-video-preview:-1"},"canonical":"https:\/\/villamargitta.com\/hr\/smjestaj\/","og_locale":"hr_HR","og_type":"article","og_title":"Smje\u0161taj - Villa Margitta Apartments Makarska Riviera Dra\u0161nice","og_description":"Makarska Riviera Villa 5* i Grand view apartments","og_url":"https:\/\/villamargitta.com\/hr\/smjestaj\/","og_site_name":"Villa Margitta Apartments Makarska Riviera Dra\u0161nice","article_modified_time":"2025-10-31T09:08:04+00:00","og_image":[{"width":1920,"height":933,"url":"https:\/\/villamargitta.com\/wp-content\/uploads\/2024\/03\/villa-margitta2.jpg","type":"image\/jpeg"}],"twitter_card":"summary_large_image","twitter_misc":{"Procijenjeno vrijeme \u010ditanja":"3 minute"},"schema":{"@context":"https:\/\/schema.org","@graph":[{"@type":"WebPage","@id":"https:\/\/villamargitta.com\/hr\/smjestaj\/","url":"https:\/\/villamargitta.com\/hr\/smjestaj\/","name":"Smje\u0161taj - Villa Margitta Apartments Makarska Riviera Dra\u0161nice","isPartOf":{"@id":"https:\/\/villamargitta.com\/#website"},"primaryImageOfPage":{"@id":"https:\/\/villamargitta.com\/hr\/smjestaj\/#primaryimage"},"image":{"@id":"https:\/\/villamargitta.com\/hr\/smjestaj\/#primaryimage"},"thumbnailUrl":"https:\/\/villamargitta.com\/wp-content\/uploads\/2024\/03\/villa-margitta2.jpg","datePublished":"2024-03-03T09:28:43+00:00","dateModified":"2025-10-31T09:08:04+00:00","description":"Makarska Riviera Villa 5* i Grand view apartments","breadcrumb":{"@id":"https:\/\/villamargitta.com\/hr\/smjestaj\/#breadcrumb"},"inLanguage":"hr","potentialAction":[{"@type":"ReadAction","target":["https:\/\/villamargitta.com\/hr\/smjestaj\/"]}]},{"@type":"ImageObject","inLanguage":"hr","@id":"https:\/\/villamargitta.com\/hr\/smjestaj\/#primaryimage","url":"https:\/\/villamargitta.com\/wp-content\/uploads\/2024\/03\/villa-margitta2.jpg","contentUrl":"https:\/\/villamargitta.com\/wp-content\/uploads\/2024\/03\/villa-margitta2.jpg","width":1920,"height":933,"caption":"Villa Margitta"},{"@type":"BreadcrumbList","@id":"https:\/\/villamargitta.com\/hr\/smjestaj\/#breadcrumb","itemListElement":[{"@type":"ListItem","position":1,"name":"Home","item":"https:\/\/villamargitta.com\/hr\/"},{"@type":"ListItem","position":2,"name":"Smje\u0161taj"}]},{"@type":"WebSite","@id":"https:\/\/villamargitta.com\/#website","url":"https:\/\/villamargitta.com\/","name":"Villa Margitta Apartments Makarska Riviera Dra\u0161nice","description":"","publisher":{"@id":"https:\/\/villamargitta.com\/#organization"},"potentialAction":[{"@type":"SearchAction","target":{"@type":"EntryPoint","urlTemplate":"https:\/\/villamargitta.com\/?s={search_term_string}"},"query-input":{"@type":"PropertyValueSpecification","valueRequired":true,"valueName":"search_term_string"}}],"inLanguage":"hr"},{"@type":"Organization","@id":"https:\/\/villamargitta.com\/#organization","name":"Villa Margitta Apartments Makarska Riviera Dra\u0161nice","url":"https:\/\/villamargitta.com\/","logo":{"@type":"ImageObject","inLanguage":"hr","@id":"https:\/\/villamargitta.com\/#\/schema\/logo\/image\/","url":"https:\/\/villamargitta.com\/wp-content\/uploads\/2024\/02\/logo-gradient.webp","contentUrl":"https:\/\/villamargitta.com\/wp-content\/uploads\/2024\/02\/logo-gradient.webp","width":400,"height":96,"caption":"Villa Margitta Apartments Makarska Riviera Dra\u0161nice"},"image":{"@id":"https:\/\/villamargitta.com\/#\/schema\/logo\/image\/"}}]}},"_links":{"self":[{"href":"https:\/\/villamargitta.com\/hr\/wp-json\/wp\/v2\/pages\/58835","targetHints":{"allow":["GET"]}}],"collection":[{"href":"https:\/\/villamargitta.com\/hr\/wp-json\/wp\/v2\/pages"}],"about":[{"href":"https:\/\/villamargitta.com\/hr\/wp-json\/wp\/v2\/types\/page"}],"author":[{"embeddable":true,"href":"https:\/\/villamargitta.com\/hr\/wp-json\/wp\/v2\/users\/1"}],"replies":[{"embeddable":true,"href":"https:\/\/villamargitta.com\/hr\/wp-json\/wp\/v2\/comments?post=58835"}],"version-history":[{"count":10,"href":"https:\/\/villamargitta.com\/hr\/wp-json\/wp\/v2\/pages\/58835\/revisions"}],"predecessor-version":[{"id":58870,"href":"https:\/\/villamargitta.com\/hr\/wp-json\/wp\/v2\/pages\/58835\/revisions\/58870"}],"wp:featuredmedia":[{"embeddable":true,"href":"https:\/\/villamargitta.com\/hr\/wp-json\/wp\/v2\/media\/57695"}],"wp:attachment":[{"href":"https:\/\/villamargitta.com\/hr\/wp-json\/wp\/v2\/media?parent=58835"}],"curies":[{"name":"wp","href":"https:\/\/api.w.org\/{rel}","templated":true}]}}